{"id":4117,"date":"2026-01-20T06:00:25","date_gmt":"2026-01-20T04:00:25","guid":{"rendered":"https:\/\/tavoladiguido.com\/?page_id=4117"},"modified":"2026-01-20T17:53:24","modified_gmt":"2026-01-20T15:53:24","slug":"prenotazione","status":"publish","type":"page","link":"https:\/\/tavoladiguido.com\/it\/booking\/","title":{"rendered":"Prenotazione"},"content":{"rendered":"<div data-elementor-type=\"wp-page\" data-elementor-id=\"4117\" class=\"elementor elementor-4117\" data-elementor-post-type=\"page\">\n\t\t\t\t<div class=\"elementor-element elementor-element-7db7eb1 e-flex e-con-boxed e-con e-parent\" data-id=\"7db7eb1\" data-element_type=\"container\" data-e-type=\"container\" data-settings=\"{&quot;background_background&quot;:&quot;classic&quot;}\">\n\t\t\t\t\t<div class=\"e-con-inner\">\n\t\t<div class=\"elementor-element elementor-element-f32d2b4 e-con-full e-flex e-con e-child\" data-id=\"f32d2b4\" data-element_type=\"container\" data-e-type=\"container\">\n\t\t\t\t<\/div>\n\t\t\t\t\t<\/div>\n\t\t\t\t<\/div>\n\t\t<div class=\"elementor-element elementor-element-6c67862 e-flex e-con-boxed e-con e-parent\" data-id=\"6c67862\" data-element_type=\"container\" data-e-type=\"container\" data-settings=\"{&quot;background_background&quot;:&quot;classic&quot;}\">\n\t\t\t\t\t<div class=\"e-con-inner\">\n\t\t<div class=\"elementor-element elementor-element-b8aa326 e-flex e-con-boxed e-con e-child\" data-id=\"b8aa326\" data-element_type=\"container\" data-e-type=\"container\" data-settings=\"{&quot;background_background&quot;:&quot;classic&quot;}\">\n\t\t\t\t\t<div class=\"e-con-inner\">\n\t\t\t\t<div class=\"elementor-element elementor-element-6025b25 elementor-widget elementor-widget-image\" data-id=\"6025b25\" data-element_type=\"widget\" data-e-type=\"widget\" data-widget_type=\"image.default\">\n\t\t\t\t<div class=\"elementor-widget-container\">\n\t\t\t\t\t\t\t\t\t\t\t\t\t\t\t\t<a href=\"https:\/\/tavoladiguido.com\/it\">\n\t\t\t\t\t\t\t<img fetchpriority=\"high\" decoding=\"async\" width=\"400\" height=\"449\" src=\"https:\/\/tavoladiguido.com\/wp-content\/uploads\/2025\/06\/TdG-2025.png\" class=\"attachment-large size-large wp-image-5190\" alt=\"Tavola di Guido\" srcset=\"https:\/\/tavoladiguido.com\/wp-content\/uploads\/2025\/06\/TdG-2025.png 400w, https:\/\/tavoladiguido.com\/wp-content\/uploads\/2025\/06\/TdG-2025-267x300.png 267w\" sizes=\"(max-width: 400px) 100vw, 400px\" \/>\t\t\t\t\t\t\t\t<\/a>\n\t\t\t\t\t\t\t\t\t\t\t\t\t\t\t<\/div>\n\t\t\t\t<\/div>\n\t\t\t\t\t<\/div>\n\t\t\t\t<\/div>\n\t\t\t\t\t<\/div>\n\t\t\t\t<\/div>\n\t\t\t\t<section class=\"elementor-section elementor-top-section elementor-element elementor-element-75bd746 elementor-section-boxed elementor-section-height-default elementor-section-height-default\" data-id=\"75bd746\" data-element_type=\"section\" data-e-type=\"section\">\n\t\t\t\t\t\t<div class=\"elementor-container elementor-column-gap-default\">\n\t\t\t\t\t<div class=\"elementor-column elementor-col-100 elementor-top-column elementor-element elementor-element-eb923c7\" data-id=\"eb923c7\" data-element_type=\"column\" data-e-type=\"column\">\n\t\t\t<div class=\"elementor-widget-wrap elementor-element-populated\">\n\t\t\t\t\t\t<div class=\"elementor-element elementor-element-4560157 elementor-widget elementor-widget-heading\" data-id=\"4560157\" data-element_type=\"widget\" data-e-type=\"widget\" data-widget_type=\"heading.default\">\n\t\t\t\t<div class=\"elementor-widget-container\">\n\t\t\t\t\t<h2 class=\"elementor-heading-title elementor-size-default\">Condizioni di Prenotazione - Ristorante Tavola di Guido\n<\/h2>\t\t\t\t<\/div>\n\t\t\t\t<\/div>\n\t\t\t\t<div class=\"elementor-element elementor-element-fff3d22 elementor-widget elementor-widget-text-editor\" data-id=\"fff3d22\" data-element_type=\"widget\" data-e-type=\"widget\" data-widget_type=\"text-editor.default\">\n\t\t\t\t<div class=\"elementor-widget-container\">\n\t\t\t\t\t\t\t\t\t<div class=\"x_elementToProof\" data-olk-copy-source=\"MessageBody\"><span data-olk-copy-source=\"MailCompose\">Per procedere con la prenotazione presso il Ristorante Tavola di Guido, si applicano le seguenti condizioni.<\/span><\/div>\t\t\t\t\t\t\t\t<\/div>\n\t\t\t\t<\/div>\n\t\t\t\t<div class=\"elementor-element elementor-element-c117ac4 elementor-widget elementor-widget-heading\" data-id=\"c117ac4\" data-element_type=\"widget\" data-e-type=\"widget\" data-widget_type=\"heading.default\">\n\t\t\t\t<div class=\"elementor-widget-container\">\n\t\t\t\t\t<h3 class=\"elementor-heading-title elementor-size-default\">Variazioni del Men\u00f9<\/h3>\t\t\t\t<\/div>\n\t\t\t\t<\/div>\n\t\t\t\t<div class=\"elementor-element elementor-element-67384b9 elementor-widget elementor-widget-text-editor\" data-id=\"67384b9\" data-element_type=\"widget\" data-e-type=\"widget\" data-widget_type=\"text-editor.default\">\n\t\t\t\t<div class=\"elementor-widget-container\">\n\t\t\t\t\t\t\t\t\t<div class=\"x_elementToProof\" data-olk-copy-source=\"MessageBody\"><div class=\"x_elementToProof\" data-olk-copy-source=\"MessageBody\">I men\u00f9 possono subire variazioni in base alla stagionalit\u00e0 e alla disponibilit\u00e0 dei prodotti.<\/div><\/div>\t\t\t\t\t\t\t\t<\/div>\n\t\t\t\t<\/div>\n\t\t\t\t<div class=\"elementor-element elementor-element-1c6ff7a elementor-widget elementor-widget-heading\" data-id=\"1c6ff7a\" data-element_type=\"widget\" data-e-type=\"widget\" data-widget_type=\"heading.default\">\n\t\t\t\t<div class=\"elementor-widget-container\">\n\t\t\t\t\t<h3 class=\"elementor-heading-title elementor-size-default\">Allergie e Restrizioni Alimentari<\/h3>\t\t\t\t<\/div>\n\t\t\t\t<\/div>\n\t\t\t\t<div class=\"elementor-element elementor-element-8b5e59e elementor-widget elementor-widget-text-editor\" data-id=\"8b5e59e\" data-element_type=\"widget\" data-e-type=\"widget\" data-widget_type=\"text-editor.default\">\n\t\t\t\t<div class=\"elementor-widget-container\">\n\t\t\t\t\t\t\t\t\t<div class=\"x_elementToProof\" data-olk-copy-source=\"MessageBody\"><div class=\"x_elementToProof\" data-olk-copy-source=\"MessageBody\"><div class=\"x_elementToProof\" data-olk-copy-source=\"MessageBody\">Please kindly inform us of any allergies, intolerances, or dietary restrictions\u00a0at the time of booking. Otherwise, we cannot guarantee to accommodate requests made at the time of dinner.<\/div><\/div><\/div>\t\t\t\t\t\t\t\t<\/div>\n\t\t\t\t<\/div>\n\t\t\t\t<div class=\"elementor-element elementor-element-5ecaf3e elementor-widget elementor-widget-heading\" data-id=\"5ecaf3e\" data-element_type=\"widget\" data-e-type=\"widget\" data-widget_type=\"heading.default\">\n\t\t\t\t<div class=\"elementor-widget-container\">\n\t\t\t\t\t<h3 class=\"elementor-heading-title elementor-size-default\">Politica di Cancellazione e Modifica\n<\/h3>\t\t\t\t<\/div>\n\t\t\t\t<\/div>\n\t\t\t\t<div class=\"elementor-element elementor-element-3e105ba elementor-widget elementor-widget-text-editor\" data-id=\"3e105ba\" data-element_type=\"widget\" data-e-type=\"widget\" data-widget_type=\"text-editor.default\">\n\t\t\t\t<div class=\"elementor-widget-container\">\n\t\t\t\t\t\t\t\t\t<div class=\"x_elementToProof\" data-olk-copy-source=\"MessageBody\"><div class=\"x_elementToProof\" data-olk-copy-source=\"MessageBody\"><div class=\"x_elementToProof\" data-olk-copy-source=\"MessageBody\"><div class=\"x_elementToProof\" role=\"presentation\" data-olk-copy-source=\"MessageBody\">You may cancel or modify the number of guests (subject to availability)\u00a0free of charge up to 24 hours before\u00a0the booked date.<\/div><div class=\"x_elementToProof\" role=\"presentation\">For cancellations or modifications\u00a0within 24 hours of the booked date, or in case of\u00a0no-show, the restaurant reserves the right to charge\u00a0\u20ac40 per person\u00a0to the credit card provided at booking.<\/div><\/div><\/div><\/div>\t\t\t\t\t\t\t\t<\/div>\n\t\t\t\t<\/div>\n\t\t\t\t<div class=\"elementor-element elementor-element-f8a6789 elementor-widget elementor-widget-heading\" data-id=\"f8a6789\" data-element_type=\"widget\" data-e-type=\"widget\" data-widget_type=\"heading.default\">\n\t\t\t\t<div class=\"elementor-widget-container\">\n\t\t\t\t\t<h3 class=\"elementor-heading-title elementor-size-default\">Prenotazioni Stesso Giorno\n<\/h3>\t\t\t\t<\/div>\n\t\t\t\t<\/div>\n\t\t\t\t<div class=\"elementor-element elementor-element-accf6bc elementor-widget elementor-widget-text-editor\" data-id=\"accf6bc\" data-element_type=\"widget\" data-e-type=\"widget\" data-widget_type=\"text-editor.default\">\n\t\t\t\t<div class=\"elementor-widget-container\">\n\t\t\t\t\t\t\t\t\t<div class=\"x_elementToProof\" data-olk-copy-source=\"MessageBody\"><div class=\"x_elementToProof\" data-olk-copy-source=\"MessageBody\"><div class=\"x_elementToProof\" data-olk-copy-source=\"MessageBody\"><div class=\"x_elementToProof\" role=\"presentation\" data-olk-copy-source=\"MessageBody\"><div class=\"x_elementToProof\" data-olk-copy-source=\"MessageBody\">Le prenotazioni per lo stesso giorno possono essere effettuate:<\/div><div class=\"x_elementToProof\" role=\"presentation\">Online\u00a0no later than 6:00 PM.<\/div><div class=\"x_elementToProof\" role=\"presentation\">By phone\u00a0at <a href=\"tel:+390577743192\" target=\"_blank\" rel=\"noopener\">+39 0577 743192<\/a> o <a href=\"tel:+393510205716\" target=\"_blank\" rel=\"noopener\">+39 351 0205716<\/a>.<\/div><\/div><\/div><\/div><\/div>\t\t\t\t\t\t\t\t<\/div>\n\t\t\t\t<\/div>\n\t\t\t\t<div class=\"elementor-element elementor-element-c8cf1ac elementor-widget elementor-widget-heading\" data-id=\"c8cf1ac\" data-element_type=\"widget\" data-e-type=\"widget\" data-widget_type=\"heading.default\">\n\t\t\t\t<div class=\"elementor-widget-container\">\n\t\t\t\t\t<h3 class=\"elementor-heading-title elementor-size-default\">Dress Code<\/h3>\t\t\t\t<\/div>\n\t\t\t\t<\/div>\n\t\t\t\t<div class=\"elementor-element elementor-element-3afa5bc elementor-widget elementor-widget-text-editor\" data-id=\"3afa5bc\" data-element_type=\"widget\" data-e-type=\"widget\" data-widget_type=\"text-editor.default\">\n\t\t\t\t<div class=\"elementor-widget-container\">\n\t\t\t\t\t\t\t\t\t<div class=\"x_elementToProof\" data-olk-copy-source=\"MessageBody\"><div class=\"x_elementToProof\" data-olk-copy-source=\"MessageBody\"><div class=\"x_elementToProof\" data-olk-copy-source=\"MessageBody\"><div class=\"x_elementToProof\" role=\"presentation\" data-olk-copy-source=\"MessageBody\"><span data-olk-copy-source=\"MessageBody\">Smart casual<\/span><\/div><\/div><\/div><\/div>\t\t\t\t\t\t\t\t<\/div>\n\t\t\t\t<\/div>\n\t\t\t\t<div class=\"elementor-element elementor-element-5ef844a elementor-widget elementor-widget-heading\" data-id=\"5ef844a\" data-element_type=\"widget\" data-e-type=\"widget\" data-widget_type=\"heading.default\">\n\t\t\t\t<div class=\"elementor-widget-container\">\n\t\t\t\t\t<h3 class=\"elementor-heading-title elementor-size-default\">Animali Domestici<\/h3>\t\t\t\t<\/div>\n\t\t\t\t<\/div>\n\t\t\t\t<div class=\"elementor-element elementor-element-fa00bd7 elementor-widget elementor-widget-text-editor\" data-id=\"fa00bd7\" data-element_type=\"widget\" data-e-type=\"widget\" data-widget_type=\"text-editor.default\">\n\t\t\t\t<div class=\"elementor-widget-container\">\n\t\t\t\t\t\t\t\t\t<div class=\"x_elementToProof\" data-olk-copy-source=\"MessageBody\"><div class=\"x_elementToProof\" data-olk-copy-source=\"MessageBody\"><div class=\"x_elementToProof\" data-olk-copy-source=\"MessageBody\"><div class=\"x_elementToProof\" role=\"presentation\" data-olk-copy-source=\"MessageBody\"><div class=\"x_elementToProof\" data-olk-copy-source=\"MessageBody\"><span data-olk-copy-source=\"MailCompose\">I cani sono i benvenuti. Si prega gentilmente di tenerli al guinzaglio<\/span> e indicare nei commenti della prenotazione se il vostro cane sar\u00e0 presente.<\/div><\/div><\/div><\/div><\/div>\t\t\t\t\t\t\t\t<\/div>\n\t\t\t\t<\/div>\n\t\t\t\t<div class=\"elementor-element elementor-element-5590bf3 elementor-widget-divider--view-line_icon elementor-view-default elementor-widget-divider--element-align-center elementor-widget elementor-widget-divider\" data-id=\"5590bf3\" data-element_type=\"widget\" data-e-type=\"widget\" data-widget_type=\"divider.default\">\n\t\t\t\t<div class=\"elementor-widget-container\">\n\t\t\t\t\t\t\t<div class=\"elementor-divider\">\n\t\t\t<span class=\"elementor-divider-separator\">\n\t\t\t\t\t\t\t<div class=\"elementor-icon elementor-divider__element\">\n\t\t\t\t\t<i aria-hidden=\"true\" class=\"fas fa-chevron-down\"><\/i><\/div>\n\t\t\t\t\t\t<\/span>\n\t\t<\/div>\n\t\t\t\t\t\t<\/div>\n\t\t\t\t<\/div>\n\t\t\t\t<div class=\"elementor-element elementor-element-387e3d1 clicktoshow elementor-widget elementor-widget-button\" data-id=\"387e3d1\" data-element_type=\"widget\" data-e-type=\"widget\" data-widget_type=\"button.default\">\n\t\t\t\t<div class=\"elementor-widget-container\">\n\t\t\t\t\t\t\t\t\t<div class=\"elementor-button-wrapper\">\n\t\t\t\t\t<a class=\"elementor-button elementor-size-sm\" role=\"button\">\n\t\t\t\t\t\t<span class=\"elementor-button-content-wrapper\">\n\t\t\t\t\t\t\t\t\t<span class=\"elementor-button-text\">Accettando queste condizioni, confermi di averle lette e comprese.<\/span>\n\t\t\t\t\t<\/span>\n\t\t\t\t\t<\/a>\n\t\t\t\t<\/div>\n\t\t\t\t\t\t\t\t<\/div>\n\t\t\t\t<\/div>\n\t\t\t\t<div class=\"elementor-element elementor-element-dbd671d elementor-widget elementor-widget-html\" data-id=\"dbd671d\" data-element_type=\"widget\" data-e-type=\"widget\" data-widget_type=\"html.default\">\n\t\t\t\t<div class=\"elementor-widget-container\">\n\t\t\t\t\t<script>\ndocument.addEventListener('DOMContentLoaded', function() {\njQuery(function($){\n$('.clicktoshow').each(function(i){\n$(this).click(function(event){ \nevent.preventDefault();\n$('.showclick').eq(i).show();\n$('.clicktoshow').eq(i).hide();\n}); });\n}); });\n<\/script>\n<style>\n.clicktoshow{\ncursor: pointer;\n}\n.showclick{\ndisplay: none;\n}\n<\/style>\n\t\t\t\t<\/div>\n\t\t\t\t<\/div>\n\t\t\t\t<div class=\"elementor-element elementor-element-88de5ac elementor-widget elementor-widget-heading\" data-id=\"88de5ac\" data-element_type=\"widget\" data-e-type=\"widget\" data-widget_type=\"heading.default\">\n\t\t\t\t<div class=\"elementor-widget-container\">\n\t\t\t\t\t<h3 class=\"elementor-heading-title elementor-size-default\">Grazie per la vostra prenotazione. Saremo lieti di darvi il benvenuto.<\/h3>\t\t\t\t<\/div>\n\t\t\t\t<\/div>\n\t\t\t\t\t<\/div>\n\t\t<\/div>\n\t\t\t\t\t<\/div>\n\t\t<\/section>\n\t\t\t\t<section class=\"elementor-section elementor-top-section elementor-element elementor-element-d41bc3e showclick elementor-section-boxed elementor-section-height-default elementor-section-height-default\" data-id=\"d41bc3e\" data-element_type=\"section\" data-e-type=\"section\">\n\t\t\t\t\t\t<div class=\"elementor-container elementor-column-gap-default\">\n\t\t\t\t\t<div class=\"elementor-column elementor-col-100 elementor-top-column elementor-element elementor-element-75e77de\" data-id=\"75e77de\" data-element_type=\"column\" data-e-type=\"column\">\n\t\t\t<div class=\"elementor-widget-wrap elementor-element-populated\">\n\t\t\t\t\t\t<div class=\"elementor-element elementor-element-b315ad8 elementor-widget elementor-widget-text-editor\" data-id=\"b315ad8\" data-element_type=\"widget\" data-e-type=\"widget\" data-widget_type=\"text-editor.default\">\n\t\t\t\t<div class=\"elementor-widget-container\">\n\t\t\t\t\t\t\t\t\t<p>Grazie per aver letto e accettato le Condizioni di prenotazione. Potete procedere compilando il modulo sottostante.<\/p>\t\t\t\t\t\t\t\t<\/div>\n\t\t\t\t<\/div>\n\t\t\t\t<div class=\"elementor-element elementor-element-f548ec6 elementor-widget elementor-widget-html\" data-id=\"f548ec6\" data-element_type=\"widget\" data-e-type=\"widget\" data-widget_type=\"html.default\">\n\t\t\t\t<div class=\"elementor-widget-container\">\n\t\t\t\t\t<iframe src=\"https:\/\/widget.thefork.com\/346ffec9-2686-4737-b02b-5cf8d651e89b\" style=\"width:100%; min-height:800px; border:none; overflow:scroll;\"><\/iframe>\t\t\t\t<\/div>\n\t\t\t\t<\/div>\n\t\t\t\t\t<\/div>\n\t\t<\/div>\n\t\t\t\t\t<\/div>\n\t\t<\/section>\n\t\t\t\t<\/div>","protected":false},"excerpt":{"rendered":"<p>Booking Conditions &#8211; Ristorante Tavola di Guido To proceed with your booking at Ristorante Tavola di Guido, the following conditions apply. Menu Variations Menus may be subject to changes based on seasonality and product availability. Allergies and Dietary Restrictions Please kindly inform us of any allergies, intolerances, or dietary restrictions\u00a0at the time of booking. Otherwise, [&hellip;]<\/p>\n","protected":false},"author":3,"featured_media":0,"parent":0,"menu_order":0,"comment_status":"closed","ping_status":"closed","template":"","meta":{"footnotes":""},"class_list":["post-4117","page","type-page","status-publish","hentry"],"_links":{"self":[{"href":"https:\/\/tavoladiguido.com\/it\/wp-json\/wp\/v2\/pages\/4117","targetHints":{"allow":["GET"]}}],"collection":[{"href":"https:\/\/tavoladiguido.com\/it\/wp-json\/wp\/v2\/pages"}],"about":[{"href":"https:\/\/tavoladiguido.com\/it\/wp-json\/wp\/v2\/types\/page"}],"author":[{"embeddable":true,"href":"https:\/\/tavoladiguido.com\/it\/wp-json\/wp\/v2\/users\/3"}],"replies":[{"embeddable":true,"href":"https:\/\/tavoladiguido.com\/it\/wp-json\/wp\/v2\/comments?post=4117"}],"version-history":[{"count":204,"href":"https:\/\/tavoladiguido.com\/it\/wp-json\/wp\/v2\/pages\/4117\/revisions"}],"predecessor-version":[{"id":5852,"href":"https:\/\/tavoladiguido.com\/it\/wp-json\/wp\/v2\/pages\/4117\/revisions\/5852"}],"wp:attachment":[{"href":"https:\/\/tavoladiguido.com\/it\/wp-json\/wp\/v2\/media?parent=4117"}],"curies":[{"name":"wp","href":"https:\/\/api.w.org\/{rel}","templated":true}]}}